{"id":36,"date":"2020-01-09T21:46:44","date_gmt":"2020-01-09T21:46:44","guid":{"rendered":"http:\/\/bodegasmi.com\/?page_id=36"},"modified":"2020-01-12T16:16:50","modified_gmt":"2020-01-12T22:16:50","slug":"servicios-2","status":"publish","type":"page","link":"https:\/\/bodegasmi.com\/index.php\/servicios-2\/","title":{"rendered":"Servicios"},"content":{"rendered":"\n<div class=\"wp-block-group\"><div class=\"wp-block-group__inner-container is-layout-flow wp-block-group-is-layout-flow\">\n<div class=\"wp-block-group\"><div class=\"wp-block-group__inner-container is-layout-flow wp-block-group-is-layout-flow\">\n<div class=\"wp-block-group\"><div class=\"wp-block-group__inner-container is-layout-flow wp-block-group-is-layout-flow\">\n<div class=\"wp-block-group\"><div class=\"wp-block-group__inner-container is-layout-flow wp-block-group-is-layout-flow\">\n<p>Maniobras<\/p>\n\n\n\n<ul><li>Montacargas de 5,500 lb todo terreno<\/li><li>Accesorios como extensiones de cuchillas, soportes para tambos, etc.<\/li><li>Patines para descarga manual<\/li><li>Equipos para amarre<\/li><\/ul>\n<\/div><\/div>\n\n\n\n<p>Embalaje<\/p>\n\n\n\n<ul><li>Fabricaci\u00f3n de embalaje especial tanto en sitio como&nbsp; subcontratado<\/li><li>Reparaci\u00f3n de tarimas, huacales y soportes para carga. Flejado, Emplayado, amarre, pel\u00edcula poliburbuja, etc.<\/li><\/ul>\n\n\n\n<p>Recolecci\u00f3n y entrega<\/p>\n\n\n\n<ul><li>Contamos con pick up, Nissan estaquitas y veh\u00edculos ligeros para distribuci\u00f3n y entrega de mercanc\u00edas locales y\/o traslado urgente<\/li><\/ul>\n\n\n\n<p>Asesoria<\/p>\n\n\n\n<ul><li>Sabemos que se pudiera requerir servicios y\/o equipo con el que no contamos, por este motivo mantenemos actualizados nuestros contactos para solucionar las eventualidades o requerimientos especiales<\/li><\/ul>\n\n\n\n<p>Otros servicios<\/p>\n\n\n\n<ul><li>Inspecci\u00f3n, limpieza, re trabajo, conteo, pesaje, reacomodo, armado. ensamble o desensamble, etc.<\/li><li>Los requerimientos de nuestros clientes han sido muy variados y seria muy extenso el listado por lo mismo alentamos a nuestros clientes a respaldarse con nosotros.<\/li><\/ul>\n\n\n\n<p><\/p>\n\n\n\n<div class=\"alignnormal\"><div id=\"metaslider-id-102\" style=\"width: 100%;\" class=\"ml-slider-3-92-1 metaslider metaslider-flex metaslider-102 ml-slider ms-theme-default\" role=\"region\" aria-roledescription=\"Slideshow\" aria-label=\"Servicio\">\n    <div id=\"metaslider_container_102\">\n        <div id=\"metaslider_102\">\n            <ul class='slides'>\n                <li style=\"display: none; width: 100%;\" class=\"slide-123 ms-image \" aria-roledescription=\"slide\" aria-label=\"slide-123\"><img loading=\"lazy\" decoding=\"async\" src=\"https:\/\/bodegasmi.com\/wp-content\/uploads\/2020\/01\/image326-1-195x111.jpg\" height=\"400\" width=\"700\" alt=\"\" class=\"slider-102 slide-123\" title=\"image326-1\" \/><\/li>\n                <li style=\"display: none; width: 100%;\" class=\"slide-124 ms-image \" aria-roledescription=\"slide\" aria-label=\"slide-124\"><img loading=\"lazy\" decoding=\"async\" src=\"https:\/\/bodegasmi.com\/wp-content\/uploads\/2020\/01\/image329-1-201x114.jpg\" height=\"400\" width=\"700\" alt=\"\" class=\"slider-102 slide-124\" title=\"image329-1\" \/><\/li>\n                <li style=\"display: none; width: 100%;\" class=\"slide-125 ms-image \" aria-roledescription=\"slide\" aria-label=\"slide-125\"><img loading=\"lazy\" decoding=\"async\" src=\"https:\/\/bodegasmi.com\/wp-content\/uploads\/2020\/01\/image331-1-119x68.jpg\" height=\"400\" width=\"700\" alt=\"\" class=\"slider-102 slide-125\" title=\"image331-1\" \/><\/li>\n                <li style=\"display: none; width: 100%;\" class=\"slide-126 ms-image \" aria-roledescription=\"slide\" aria-label=\"slide-126\"><img loading=\"lazy\" decoding=\"async\" src=\"https:\/\/bodegasmi.com\/wp-content\/uploads\/2020\/01\/image333-1-311x178.jpg\" height=\"400\" width=\"700\" alt=\"\" class=\"slider-102 slide-126\" title=\"image333-1\" \/><\/li>\n                <li style=\"display: none; width: 100%;\" class=\"slide-127 ms-image \" aria-roledescription=\"slide\" aria-label=\"slide-127\"><img loading=\"lazy\" decoding=\"async\" src=\"https:\/\/bodegasmi.com\/wp-content\/uploads\/2020\/01\/image340-1-115x65.jpg\" height=\"400\" width=\"700\" alt=\"\" class=\"slider-102 slide-127\" title=\"image340-1\" \/><\/li>\n                <li style=\"display: none; width: 100%;\" class=\"slide-128 ms-image \" aria-roledescription=\"slide\" aria-label=\"slide-128\"><img loading=\"lazy\" decoding=\"async\" src=\"https:\/\/bodegasmi.com\/wp-content\/uploads\/2020\/01\/image342-1-114x65.jpg\" height=\"400\" width=\"700\" alt=\"\" class=\"slider-102 slide-128\" title=\"image342-1\" \/><\/li>\n                <li style=\"display: none; width: 100%;\" class=\"slide-129 ms-image \" aria-roledescription=\"slide\" aria-label=\"slide-129\"><img loading=\"lazy\" decoding=\"async\" src=\"https:\/\/bodegasmi.com\/wp-content\/uploads\/2020\/01\/image359-1-204x116.jpg\" height=\"400\" width=\"700\" alt=\"\" class=\"slider-102 slide-129\" title=\"image359-1\" \/><\/li>\n                <li style=\"display: none; width: 100%;\" class=\"slide-130 ms-image \" aria-roledescription=\"slide\" aria-label=\"slide-130\"><img loading=\"lazy\" decoding=\"async\" src=\"https:\/\/bodegasmi.com\/wp-content\/uploads\/2020\/01\/image361-1-171x97.jpg\" height=\"400\" width=\"700\" alt=\"\" class=\"slider-102 slide-130\" title=\"image361-1\" \/><\/li>\n                <li style=\"display: none; width: 100%;\" class=\"slide-131 ms-image \" aria-roledescription=\"slide\" aria-label=\"slide-131\"><img loading=\"lazy\" decoding=\"async\" src=\"https:\/\/bodegasmi.com\/wp-content\/uploads\/2020\/01\/image373-1-175x100.jpg\" height=\"400\" width=\"700\" alt=\"\" class=\"slider-102 slide-131\" title=\"image373-1\" \/><\/li>\n                <li style=\"display: none; width: 100%;\" class=\"slide-132 ms-image \" aria-roledescription=\"slide\" aria-label=\"slide-132\"><img loading=\"lazy\" decoding=\"async\" src=\"https:\/\/bodegasmi.com\/wp-content\/uploads\/2020\/01\/image375-1-250x142.jpg\" height=\"400\" width=\"700\" alt=\"\" class=\"slider-102 slide-132\" title=\"image375-1\" \/><\/li>\n                <li style=\"display: none; width: 100%;\" class=\"slide-133 ms-image \" aria-roledescription=\"slide\" aria-label=\"slide-133\"><img loading=\"lazy\" decoding=\"async\" src=\"https:\/\/bodegasmi.com\/wp-content\/uploads\/2020\/01\/image377-2-197x113.jpg\" height=\"400\" width=\"700\" alt=\"\" class=\"slider-102 slide-133\" title=\"image377-2\" \/><\/li>\n                <li style=\"display: none; width: 100%;\" class=\"slide-134 ms-image \" aria-roledescription=\"slide\" aria-label=\"slide-134\"><img loading=\"lazy\" decoding=\"async\" src=\"https:\/\/bodegasmi.com\/wp-content\/uploads\/2020\/01\/image379-1-198x113.jpg\" height=\"400\" width=\"700\" alt=\"\" class=\"slider-102 slide-134\" title=\"image379-1\" \/><\/li>\n                <li style=\"display: none; width: 100%;\" class=\"slide-135 ms-image \" aria-roledescription=\"slide\" aria-label=\"slide-135\"><img loading=\"lazy\" decoding=\"async\" src=\"https:\/\/bodegasmi.com\/wp-content\/uploads\/2020\/01\/image381-251x143.jpg\" height=\"400\" width=\"700\" alt=\"\" class=\"slider-102 slide-135\" title=\"image381\" \/><\/li>\n                <li style=\"display: none; width: 100%;\" class=\"slide-136 ms-image \" aria-roledescription=\"slide\" aria-label=\"slide-136\"><img loading=\"lazy\" decoding=\"async\" src=\"https:\/\/bodegasmi.com\/wp-content\/uploads\/2020\/01\/image383-1-250x143.jpg\" height=\"400\" width=\"700\" alt=\"\" class=\"slider-102 slide-136\" title=\"image383-1\" \/><\/li>\n                <li style=\"display: none; width: 100%;\" class=\"slide-137 ms-image \" aria-roledescription=\"slide\" aria-label=\"slide-137\"><img loading=\"lazy\" decoding=\"async\" src=\"https:\/\/bodegasmi.com\/wp-content\/uploads\/2020\/01\/image385-1-192x109.jpg\" height=\"400\" width=\"700\" alt=\"\" class=\"slider-102 slide-137\" title=\"image385-1\" \/><\/li>\n                <li style=\"display: none; width: 100%;\" class=\"slide-138 ms-image \" aria-roledescription=\"slide\" aria-label=\"slide-138\"><img loading=\"lazy\" decoding=\"async\" src=\"https:\/\/bodegasmi.com\/wp-content\/uploads\/2020\/01\/image387-1-292x167.jpg\" height=\"400\" width=\"700\" alt=\"\" class=\"slider-102 slide-138\" title=\"image387-1\" \/><\/li>\n                <li style=\"display: none; width: 100%;\" class=\"slide-139 ms-image \" aria-roledescription=\"slide\" aria-label=\"slide-139\"><img loading=\"lazy\" decoding=\"async\" src=\"https:\/\/bodegasmi.com\/wp-content\/uploads\/2020\/01\/image390-1-150x85.jpg\" height=\"400\" width=\"700\" alt=\"\" class=\"slider-102 slide-139\" title=\"image390-1\" \/><\/li>\n                <li style=\"display: none; width: 100%;\" class=\"slide-140 ms-image \" aria-roledescription=\"slide\" aria-label=\"slide-140\"><img loading=\"lazy\" decoding=\"async\" src=\"https:\/\/bodegasmi.com\/wp-content\/uploads\/2020\/01\/image394-1-244x139.jpg\" height=\"400\" width=\"700\" alt=\"\" class=\"slider-102 slide-140\" title=\"image394-1\" \/><\/li>\n                <li style=\"display: none; width: 100%;\" class=\"slide-141 ms-image \" aria-roledescription=\"slide\" aria-label=\"slide-141\"><img loading=\"lazy\" decoding=\"async\" src=\"https:\/\/bodegasmi.com\/wp-content\/uploads\/2020\/01\/image396-1-286x163.jpg\" height=\"400\" width=\"700\" alt=\"\" class=\"slider-102 slide-141\" title=\"image396-1\" \/><\/li>\n                <li style=\"display: none; width: 100%;\" class=\"slide-142 ms-image \" aria-roledescription=\"slide\" aria-label=\"slide-142\"><img loading=\"lazy\" decoding=\"async\" src=\"https:\/\/bodegasmi.com\/wp-content\/uploads\/2020\/01\/image398-1-244x139.jpg\" height=\"400\" width=\"700\" alt=\"\" class=\"slider-102 slide-142\" title=\"image398-1\" \/><\/li>\n            <\/ul>\n        <\/div>\n        \n    <\/div>\n<\/div><\/div>\n<\/div><\/div>\n<\/div><\/div>\n<\/div><\/div>\n\n\n","protected":false},"excerpt":{"rendered":"<p>Maniobras Montacargas de 5,500 lb todo terreno Accesorios como extensiones de cuchillas, soportes para tambos, etc. Patines para descarga manual Equipos para amarre Embalaje Fabricaci\u00f3n de embalaje especial tanto en sitio como&nbsp; subcontratado Reparaci\u00f3n de tarimas, huacales y soportes para &hellip; <a href=\"https:\/\/bodegasmi.com\/index.php\/servicios-2\/\">Sigue leyendo <span class=\"meta-nav\">&rarr;<\/span><\/a><\/p>\n","protected":false},"author":1,"featured_media":0,"parent":0,"menu_order":0,"comment_status":"closed","ping_status":"closed","template":"","meta":{"slim_seo":[],"footnotes":""},"_links":{"self":[{"href":"https:\/\/bodegasmi.com\/index.php\/wp-json\/wp\/v2\/pages\/36"}],"collection":[{"href":"https:\/\/bodegasmi.com\/index.php\/wp-json\/wp\/v2\/pages"}],"about":[{"href":"https:\/\/bodegasmi.com\/index.php\/wp-json\/wp\/v2\/types\/page"}],"author":[{"embeddable":true,"href":"https:\/\/bodegasmi.com\/index.php\/wp-json\/wp\/v2\/users\/1"}],"replies":[{"embeddable":true,"href":"https:\/\/bodegasmi.com\/index.php\/wp-json\/wp\/v2\/comments?post=36"}],"version-history":[{"count":11,"href":"https:\/\/bodegasmi.com\/index.php\/wp-json\/wp\/v2\/pages\/36\/revisions"}],"predecessor-version":[{"id":239,"href":"https:\/\/bodegasmi.com\/index.php\/wp-json\/wp\/v2\/pages\/36\/revisions\/239"}],"wp:attachment":[{"href":"https:\/\/bodegasmi.com\/index.php\/wp-json\/wp\/v2\/media?parent=36"}],"curies":[{"name":"wp","href":"https:\/\/api.w.org\/{rel}","templated":true}]}}